{"id":99,"date":"2025-07-14T01:26:06","date_gmt":"2025-07-14T00:26:06","guid":{"rendered":"https:\/\/pokestop.uk\/?post_type=product&#038;p=99"},"modified":"2025-09-24T19:40:34","modified_gmt":"2025-09-24T18:40:34","slug":"all-stars-from-galar-hisui-beyond","status":"publish","type":"product","link":"https:\/\/pokestop.uk\/?product=all-stars-from-galar-hisui-beyond","title":{"rendered":"TCG: Crown Zenith Elite Trainer Box Plus"},"content":{"rendered":"<p>The Legendary heroes Zacian and Zamazenta shine with new VSTAR Powers, and an all-star assembly of Pok\u00e9mon and Trainers arrive to celebrate the era of Pok\u00e9mon V! Discover dazzling special illustrations in the Galarian Gallery, and wield the strength of rare and powerful Pok\u00e9mon, including Charizard as both a Pok\u00e9mon VSTAR and Radiant Pok\u00e9mon. Many more Pok\u00e9mon have their own tales to tell in battle as the Sword &amp; Shield Series reaches its towering peak in the Pok\u00e9mon TCG: Crown Zenith expansion!<br \/>\nThis Pok\u00e9mon TCG: Crown Zenith Elite Trainer Box Plus can be found only at Pok\u00e9mon Center and comes with exclusive accessories\u2014a deck box, metal dice, metal coin, and metal condition markers\u2014plus 12 booster packs (two more than in the standard Crown Zenith Elite Trainer Box).<br \/>\n\u2022\u00a0\u00a0\u00a0\u00a012 Pok\u00e9mon TCG: Crown Zenith booster packs<br \/>\n\u2022\u00a0\u00a0\u00a0\u00a0Each booster pack contains 10 cards and 1 basic Energy or 1 VSTAR marker. Cards vary by pack.<br \/>\n\u2022\u00a0\u00a0\u00a0\u00a01 etched foil promo card featuring Lucario VSTAR<br \/>\n\u2022\u00a0\u00a0\u00a0\u00a065 card sleeves featuring Lucario<br \/>\n\u2022\u00a0\u00a0\u00a0\u00a01 deck box featuring Lucario, with a separate space for storing accessories<br \/>\n\u2022\u00a0\u00a0\u00a0\u00a045 Pok\u00e9mon TCG Energy cards<br \/>\n\u2022\u00a0\u00a0\u00a0\u00a0A player\u2019s guide to the Crown Zenithexpansion<br \/>\n\u2022\u00a0\u00a0\u00a0\u00a06 metal damage-counter dice<br \/>\n\u2022\u00a0\u00a0\u00a0\u00a01 metal coin featuring Lucario<br \/>\n\u2022\u00a0\u00a0\u00a0\u00a02 metal condition markers<br \/>\n\u2022\u00a0\u00a0\u00a0\u00a01 acrylic VSTAR marker<br \/>\n\u2022\u00a0\u00a0\u00a0\u00a0A box to hold everything, with 4 dividers to keep it organized<br \/>\n\u2022\u00a0\u00a0\u00a0\u00a0A code card for Pok\u00e9mon Trading Card Game Live<\/p>\n<p>&nbsp;<\/p>\n","protected":false},"excerpt":{"rendered":"<p>The Legendary heroes Zacian and Zamazenta shine with new VSTAR Powers, and an all-star assembly of Pok\u00e9mon and Trainers arrive to celebrate the era of Pok\u00e9mon V! Discover dazzling special illustrations in the Galarian Gallery, and wield the strength of rare and powerful Pok\u00e9mon, including Charizard as both a Pok\u00e9mon VSTAR and Radiant Pok\u00e9mon. Many [&hellip;]<\/p>\n","protected":false},"featured_media":238,"comment_status":"open","ping_status":"closed","template":"","meta":[],"product_brand":[],"product_cat":[20],"product_tag":[],"class_list":{"0":"post-99","1":"product","2":"type-product","3":"status-publish","4":"has-post-thumbnail","6":"product_cat-pokemon-tcg","8":"first","9":"outofstock","10":"shipping-taxable","11":"purchasable","12":"product-type-simple"},"jetpack_sharing_enabled":true,"_links":{"self":[{"href":"https:\/\/pokestop.uk\/index.php?rest_route=\/wp\/v2\/product\/99","targetHints":{"allow":["GET"]}}],"collection":[{"href":"https:\/\/pokestop.uk\/index.php?rest_route=\/wp\/v2\/product"}],"about":[{"href":"https:\/\/pokestop.uk\/index.php?rest_route=\/wp\/v2\/types\/product"}],"replies":[{"embeddable":true,"href":"https:\/\/pokestop.uk\/index.php?rest_route=%2Fwp%2Fv2%2Fcomments&post=99"}],"wp:featuredmedia":[{"embeddable":true,"href":"https:\/\/pokestop.uk\/index.php?rest_route=\/wp\/v2\/media\/238"}],"wp:attachment":[{"href":"https:\/\/pokestop.uk\/index.php?rest_route=%2Fwp%2Fv2%2Fmedia&parent=99"}],"wp:term":[{"taxonomy":"product_brand","embeddable":true,"href":"https:\/\/pokestop.uk\/index.php?rest_route=%2Fwp%2Fv2%2Fproduct_brand&post=99"},{"taxonomy":"product_cat","embeddable":true,"href":"https:\/\/pokestop.uk\/index.php?rest_route=%2Fwp%2Fv2%2Fproduct_cat&post=99"},{"taxonomy":"product_tag","embeddable":true,"href":"https:\/\/pokestop.uk\/index.php?rest_route=%2Fwp%2Fv2%2Fproduct_tag&post=99"}],"curies":[{"name":"wp","href":"https:\/\/api.w.org\/{rel}","templated":true}]}}