{"id":91,"date":"2025-07-14T01:19:55","date_gmt":"2025-07-14T00:19:55","guid":{"rendered":"https:\/\/pokestop.uk\/?post_type=product&#038;p=91"},"modified":"2025-09-24T19:40:34","modified_gmt":"2025-09-24T18:40:34","slug":"scarlet-violet-prismatic-evolutions-binder-collection","status":"publish","type":"product","link":"https:\/\/pokestop.uk\/?product=scarlet-violet-prismatic-evolutions-binder-collection","title":{"rendered":"TCG: Scarlet &#038; Violet\u2014Prismatic Evolutions Binder Collection"},"content":{"rendered":"<p>How Many Pages Can You Fill?<br \/>\nJust like a Pok\u00e9dex, a binder makes it easy to keep track of your Pok\u00e9mon collection! With this 9-pocket binder, you can show off up to 378 of your favorite Pok\u00e9mon TCG cards. Get a head start filling it up with 5 booster packs from the special Scarlet &amp; Violet\u2014Prismatic Evolutionsexpansion!<br \/>\nThe Pok\u00e9mon TCG: Scarlet &amp; Violet\u2014Prismatic Evolutions Binder Collection includes:<br \/>\n\u2022\u00a0\u00a0\u00a0\u00a0A binder with 21 9-pocket pages<br \/>\n\u2022\u00a0\u00a0\u00a0\u00a05 Pok\u00e9mon TCG: Scarlet &amp; Violet\u2014Prismatic Evolutions booster packs<br \/>\n\u2022\u00a0\u00a0\u00a0\u00a0Each booster pack contains 10 cards and 1 Basic Energy. Cards vary by pack.<\/p>\n","protected":false},"excerpt":{"rendered":"<p>How Many Pages Can You Fill? Just like a Pok\u00e9dex, a binder makes it easy to keep track of your Pok\u00e9mon collection! With this 9-pocket binder, you can show off up to 378 of your favorite Pok\u00e9mon TCG cards. Get a head start filling it up with 5 booster packs from the special Scarlet &amp; [&hellip;]<\/p>\n","protected":false},"featured_media":150,"comment_status":"open","ping_status":"closed","template":"","meta":[],"product_brand":[],"product_cat":[20],"product_tag":[],"class_list":{"0":"post-91","1":"product","2":"type-product","3":"status-publish","4":"has-post-thumbnail","6":"product_cat-pokemon-tcg","8":"first","9":"outofstock","10":"shipping-taxable","11":"purchasable","12":"product-type-simple"},"jetpack_sharing_enabled":true,"_links":{"self":[{"href":"https:\/\/pokestop.uk\/index.php?rest_route=\/wp\/v2\/product\/91","targetHints":{"allow":["GET"]}}],"collection":[{"href":"https:\/\/pokestop.uk\/index.php?rest_route=\/wp\/v2\/product"}],"about":[{"href":"https:\/\/pokestop.uk\/index.php?rest_route=\/wp\/v2\/types\/product"}],"replies":[{"embeddable":true,"href":"https:\/\/pokestop.uk\/index.php?rest_route=%2Fwp%2Fv2%2Fcomments&post=91"}],"wp:featuredmedia":[{"embeddable":true,"href":"https:\/\/pokestop.uk\/index.php?rest_route=\/wp\/v2\/media\/150"}],"wp:attachment":[{"href":"https:\/\/pokestop.uk\/index.php?rest_route=%2Fwp%2Fv2%2Fmedia&parent=91"}],"wp:term":[{"taxonomy":"product_brand","embeddable":true,"href":"https:\/\/pokestop.uk\/index.php?rest_route=%2Fwp%2Fv2%2Fproduct_brand&post=91"},{"taxonomy":"product_cat","embeddable":true,"href":"https:\/\/pokestop.uk\/index.php?rest_route=%2Fwp%2Fv2%2Fproduct_cat&post=91"},{"taxonomy":"product_tag","embeddable":true,"href":"https:\/\/pokestop.uk\/index.php?rest_route=%2Fwp%2Fv2%2Fproduct_tag&post=91"}],"curies":[{"name":"wp","href":"https:\/\/api.w.org\/{rel}","templated":true}]}}