{"id":86,"date":"2025-07-14T01:16:07","date_gmt":"2025-07-14T00:16:07","guid":{"rendered":"https:\/\/pokestop.uk\/?post_type=product&#038;p=86"},"modified":"2025-09-24T19:40:35","modified_gmt":"2025-09-24T18:40:35","slug":"scarlet-violet-black-bolt-booster-bundle-6-packs","status":"publish","type":"product","link":"https:\/\/pokestop.uk\/?product=scarlet-violet-black-bolt-booster-bundle-6-packs","title":{"rendered":"TCG: Scarlet &#038; Violet-Black Bolt Booster Bundle (6 Packs)"},"content":{"rendered":"<p>Explore a Region of Harmony &amp; Ideals!<br \/>\nReunite with the Pok\u00e9mon of Unova and rise to the top as a Trainer in a land of unity and legends! Evolve first partner Snivy all the way to Serperior ex, and discover the inspiring power of ideals with the region\u2019s Legendary and Mythical Pok\u00e9mon, including Zekrom ex and Meloetta ex. As you fill out your Pok\u00e9dex, keep an eye out for special illustrations of each Pok\u00e9mon and parallel cards with Pok\u00e9 Ball patterns in the Pok\u00e9mon TCG: Scarlet &amp; Violet\u2014Black Bolt expansion!<br \/>\n\u2022\u00a0\u00a0\u00a0\u00a0Includes six booster packs from Pok\u00e9mon TCG: Scarlet &amp; Violet\u2014Black Bolt<br \/>\n\u2022\u00a0\u00a0\u00a0\u00a0Each booster pack contains 10 cards and 1 Basic Energy<\/p>\n","protected":false},"excerpt":{"rendered":"<p>Explore a Region of Harmony &amp; Ideals! Reunite with the Pok\u00e9mon of Unova and rise to the top as a Trainer in a land of unity and legends! Evolve first partner Snivy all the way to Serperior ex, and discover the inspiring power of ideals with the region\u2019s Legendary and Mythical Pok\u00e9mon, including Zekrom ex [&hellip;]<\/p>\n","protected":false},"featured_media":155,"comment_status":"open","ping_status":"closed","template":"","meta":[],"product_brand":[],"product_cat":[20],"product_tag":[],"class_list":{"0":"post-86","1":"product","2":"type-product","3":"status-publish","4":"has-post-thumbnail","6":"product_cat-pokemon-tcg","8":"first","9":"outofstock","10":"shipping-taxable","11":"purchasable","12":"product-type-simple"},"jetpack_sharing_enabled":true,"_links":{"self":[{"href":"https:\/\/pokestop.uk\/index.php?rest_route=\/wp\/v2\/product\/86","targetHints":{"allow":["GET"]}}],"collection":[{"href":"https:\/\/pokestop.uk\/index.php?rest_route=\/wp\/v2\/product"}],"about":[{"href":"https:\/\/pokestop.uk\/index.php?rest_route=\/wp\/v2\/types\/product"}],"replies":[{"embeddable":true,"href":"https:\/\/pokestop.uk\/index.php?rest_route=%2Fwp%2Fv2%2Fcomments&post=86"}],"wp:featuredmedia":[{"embeddable":true,"href":"https:\/\/pokestop.uk\/index.php?rest_route=\/wp\/v2\/media\/155"}],"wp:attachment":[{"href":"https:\/\/pokestop.uk\/index.php?rest_route=%2Fwp%2Fv2%2Fmedia&parent=86"}],"wp:term":[{"taxonomy":"product_brand","embeddable":true,"href":"https:\/\/pokestop.uk\/index.php?rest_route=%2Fwp%2Fv2%2Fproduct_brand&post=86"},{"taxonomy":"product_cat","embeddable":true,"href":"https:\/\/pokestop.uk\/index.php?rest_route=%2Fwp%2Fv2%2Fproduct_cat&post=86"},{"taxonomy":"product_tag","embeddable":true,"href":"https:\/\/pokestop.uk\/index.php?rest_route=%2Fwp%2Fv2%2Fproduct_tag&post=86"}],"curies":[{"name":"wp","href":"https:\/\/api.w.org\/{rel}","templated":true}]}}