{"id":84,"date":"2025-07-14T01:14:40","date_gmt":"2025-07-14T00:14:40","guid":{"rendered":"https:\/\/pokestop.uk\/?post_type=product&#038;p=84"},"modified":"2025-09-24T19:40:35","modified_gmt":"2025-09-24T18:40:35","slug":"scarlet-violet-prismatic-evolutions-booster-bundle-6-packs","status":"publish","type":"product","link":"https:\/\/pokestop.uk\/?product=scarlet-violet-prismatic-evolutions-booster-bundle-6-packs","title":{"rendered":"TCG: Scarlet &#038; Violet-Prismatic Evolutions Booster Bundle (6 Packs)"},"content":{"rendered":"<p>Eevee &amp; Friends Light Up with Stellar Colors!<br \/>\nFrom fluffy and fiery to freezing and fanciful, Eevee and its many Evolutions hold a special place in the hearts of Pok\u00e9mon Trainers across the land! Discover their unique new powers as Stellar Tera Pok\u00e9mon ex, and look for treasure of your very own across a grand gathering of Pok\u00e9mon ex from Paldea and beyond. Glittering gems and hidden patterns await at the end of the rainbow in the Pok\u00e9mon TCG: Scarlet &amp; Violet\u2014Prismatic Evolutions expansion!<br \/>\n\u2022\u00a0\u00a0\u00a0\u00a0Includes six booster packs from the Pok\u00e9mon TCG: Scarlet &amp; Violet\u2014Prismatic Evolutions expansion<br \/>\n\u2022\u00a0\u00a0\u00a0\u00a0Each booster pack contains 10 cards and 1 Basic Energy. Cards vary by pack.<\/p>\n","protected":false},"excerpt":{"rendered":"<p>Eevee &amp; Friends Light Up with Stellar Colors! From fluffy and fiery to freezing and fanciful, Eevee and its many Evolutions hold a special place in the hearts of Pok\u00e9mon Trainers across the land! Discover their unique new powers as Stellar Tera Pok\u00e9mon ex, and look for treasure of your very own across a grand [&hellip;]<\/p>\n","protected":false},"featured_media":157,"comment_status":"open","ping_status":"closed","template":"","meta":[],"product_brand":[],"product_cat":[20],"product_tag":[],"class_list":{"0":"post-84","1":"product","2":"type-product","3":"status-publish","4":"has-post-thumbnail","6":"product_cat-pokemon-tcg","8":"first","9":"outofstock","10":"shipping-taxable","11":"purchasable","12":"product-type-simple"},"jetpack_sharing_enabled":true,"_links":{"self":[{"href":"https:\/\/pokestop.uk\/index.php?rest_route=\/wp\/v2\/product\/84","targetHints":{"allow":["GET"]}}],"collection":[{"href":"https:\/\/pokestop.uk\/index.php?rest_route=\/wp\/v2\/product"}],"about":[{"href":"https:\/\/pokestop.uk\/index.php?rest_route=\/wp\/v2\/types\/product"}],"replies":[{"embeddable":true,"href":"https:\/\/pokestop.uk\/index.php?rest_route=%2Fwp%2Fv2%2Fcomments&post=84"}],"wp:featuredmedia":[{"embeddable":true,"href":"https:\/\/pokestop.uk\/index.php?rest_route=\/wp\/v2\/media\/157"}],"wp:attachment":[{"href":"https:\/\/pokestop.uk\/index.php?rest_route=%2Fwp%2Fv2%2Fmedia&parent=84"}],"wp:term":[{"taxonomy":"product_brand","embeddable":true,"href":"https:\/\/pokestop.uk\/index.php?rest_route=%2Fwp%2Fv2%2Fproduct_brand&post=84"},{"taxonomy":"product_cat","embeddable":true,"href":"https:\/\/pokestop.uk\/index.php?rest_route=%2Fwp%2Fv2%2Fproduct_cat&post=84"},{"taxonomy":"product_tag","embeddable":true,"href":"https:\/\/pokestop.uk\/index.php?rest_route=%2Fwp%2Fv2%2Fproduct_tag&post=84"}],"curies":[{"name":"wp","href":"https:\/\/api.w.org\/{rel}","templated":true}]}}