{"id":82,"date":"2025-07-14T01:13:16","date_gmt":"2025-07-14T00:13:16","guid":{"rendered":"https:\/\/pokestop.uk\/?post_type=product&#038;p=82"},"modified":"2025-09-24T19:40:35","modified_gmt":"2025-09-24T18:40:35","slug":"scarlet-violet-black-bolt-elite-trainer-box","status":"publish","type":"product","link":"https:\/\/pokestop.uk\/?product=scarlet-violet-black-bolt-elite-trainer-box","title":{"rendered":"TCG: Scarlet &#038; Violet-Black Bolt Elite Trainer Box"},"content":{"rendered":"<p>Explore a Region of Harmony &amp; Ideals!<br \/>\nReunite with the Pok\u00e9mon of Unova and rise to the top as a Trainer in a land of unity and legends! Evolve first partner Snivy all the way to Serperior ex, and discover the inspiring power of ideals with the region\u2019s Legendary and Mythical Pok\u00e9mon, including Zekrom ex and Meloetta ex. As you fill out your Pok\u00e9dex, keep an eye out for special illustrations of each Pok\u00e9mon and parallel cards with Pok\u00e9 Ball patterns in the Pok\u00e9mon TCG: Scarlet &amp; Violet\u2014Black Bolt expansion!<br \/>\nThe Pok\u00e9mon TCG: Scarlet &amp; Violet\u2014Black Bolt\u00a0\u00a0Elite Trainer Box includes:<br \/>\n\u2022\u00a0\u00a0\u00a0\u00a09 Pok\u00e9mon TCG: Scarlet &amp; Violet\u2014Black Bolt booster packs<br \/>\n\u2022\u00a0\u00a0\u00a0\u00a0Each booster pack contains 10 cards and 1 Basic Energy. Cards vary by pack.<br \/>\n\u2022\u00a0\u00a0\u00a0\u00a01 full-art foil promo card featuring Thundurus<br \/>\n\u2022\u00a0\u00a0\u00a0\u00a065 card sleeves<br \/>\n\u2022\u00a0\u00a0\u00a0\u00a045 Pok\u00e9mon TCG Energy cards<br \/>\n\u2022\u00a0\u00a0\u00a0\u00a0A player\u2019s guide to the Scarlet &amp; Violet\u2014Black Bolt expansion<br \/>\n\u2022\u00a0\u00a0\u00a0\u00a06 damage-counter dice<br \/>\n\u2022\u00a0\u00a0\u00a0\u00a01 competition-legal coin-flip die<br \/>\n\u2022\u00a0\u00a0\u00a0\u00a02 plastic condition markers<br \/>\n\u2022\u00a0\u00a0\u00a0\u00a0A box to hold everything, with 4 dividers to keep it organized<br \/>\n\u2022\u00a0\u00a0\u00a0\u00a0A code card for Pok\u00e9mon Trading Card Game Live<\/p>\n","protected":false},"excerpt":{"rendered":"<p>Explore a Region of Harmony &amp; Ideals! Reunite with the Pok\u00e9mon of Unova and rise to the top as a Trainer in a land of unity and legends! Evolve first partner Snivy all the way to Serperior ex, and discover the inspiring power of ideals with the region\u2019s Legendary and Mythical Pok\u00e9mon, including Zekrom ex [&hellip;]<\/p>\n","protected":false},"featured_media":230,"comment_status":"open","ping_status":"closed","template":"","meta":[],"product_brand":[],"product_cat":[20],"product_tag":[],"class_list":{"0":"post-82","1":"product","2":"type-product","3":"status-publish","4":"has-post-thumbnail","6":"product_cat-pokemon-tcg","8":"first","9":"outofstock","10":"shipping-taxable","11":"purchasable","12":"product-type-simple"},"jetpack_sharing_enabled":true,"_links":{"self":[{"href":"https:\/\/pokestop.uk\/index.php?rest_route=\/wp\/v2\/product\/82","targetHints":{"allow":["GET"]}}],"collection":[{"href":"https:\/\/pokestop.uk\/index.php?rest_route=\/wp\/v2\/product"}],"about":[{"href":"https:\/\/pokestop.uk\/index.php?rest_route=\/wp\/v2\/types\/product"}],"replies":[{"embeddable":true,"href":"https:\/\/pokestop.uk\/index.php?rest_route=%2Fwp%2Fv2%2Fcomments&post=82"}],"wp:featuredmedia":[{"embeddable":true,"href":"https:\/\/pokestop.uk\/index.php?rest_route=\/wp\/v2\/media\/230"}],"wp:attachment":[{"href":"https:\/\/pokestop.uk\/index.php?rest_route=%2Fwp%2Fv2%2Fmedia&parent=82"}],"wp:term":[{"taxonomy":"product_brand","embeddable":true,"href":"https:\/\/pokestop.uk\/index.php?rest_route=%2Fwp%2Fv2%2Fproduct_brand&post=82"},{"taxonomy":"product_cat","embeddable":true,"href":"https:\/\/pokestop.uk\/index.php?rest_route=%2Fwp%2Fv2%2Fproduct_cat&post=82"},{"taxonomy":"product_tag","embeddable":true,"href":"https:\/\/pokestop.uk\/index.php?rest_route=%2Fwp%2Fv2%2Fproduct_tag&post=82"}],"curies":[{"name":"wp","href":"https:\/\/api.w.org\/{rel}","templated":true}]}}