{"id":81,"date":"2025-07-14T01:12:31","date_gmt":"2025-07-14T00:12:31","guid":{"rendered":"https:\/\/pokestop.uk\/?post_type=product&#038;p=81"},"modified":"2025-09-24T19:40:35","modified_gmt":"2025-09-24T18:40:35","slug":"scarlet-violet-white-flare-elite-trainer-box","status":"publish","type":"product","link":"https:\/\/pokestop.uk\/?product=scarlet-violet-white-flare-elite-trainer-box","title":{"rendered":"TCG: Scarlet &#038; Violet\u2014White Flare Elite Trainer Box"},"content":{"rendered":"<p>Explore a Region of Harmony &amp; Truth!<br \/>\nReunite with the Pok\u00e9mon of Unova and rise to the top as a Trainer in a land of unity and legends! Evolve first partners Tepig and Oshawott all the way to Emboar and Samurott, and discover the undeniable power of truth with the region\u2019s Legendary and Mythical Pok\u00e9mon, including Reshiram ex and Keldeo ex. As you fill out your Pok\u00e9dex, keep an eye out for special illustrations of each Pok\u00e9mon and parallel cards with Pok\u00e9 Ball patterns in the Pok\u00e9mon TCG: Scarlet &amp; Violet\u2014White Flareexpansion!<br \/>\nThe Pok\u00e9mon TCG: Scarlet &amp; Violet\u2014White Flare Elite Trainer Box includes:<br \/>\n\u2022\u00a0\u00a0\u00a0\u00a09 Pok\u00e9mon TCG: Scarlet &amp; Violet\u2014White Flare booster packs<br \/>\n\u2022\u00a0\u00a0\u00a0\u00a01 full-art foil promo card featuring Tornadus<br \/>\n\u2022\u00a0\u00a0\u00a0\u00a065 card sleeves<br \/>\n\u2022\u00a0\u00a0\u00a0\u00a045 Pok\u00e9mon TCG Energy cards<br \/>\n\u2022\u00a0\u00a0\u00a0\u00a0A player\u2019s guide to the Scarlet &amp; Violet\u2014White Flare expansion<br \/>\n\u2022\u00a0\u00a0\u00a0\u00a06 damage-counter dice<br \/>\n\u2022\u00a0\u00a0\u00a0\u00a01 competition-legal coin-flip die<br \/>\n\u2022\u00a0\u00a0\u00a0\u00a02 plastic condition markers<br \/>\n\u2022\u00a0\u00a0\u00a0\u00a0A box to hold everything, with 4 dividers to keep it organized<br \/>\n\u2022\u00a0\u00a0\u00a0\u00a0A code card for Pok\u00e9mon Trading Card Game Live<\/p>\n","protected":false},"excerpt":{"rendered":"<p>Explore a Region of Harmony &amp; Truth! Reunite with the Pok\u00e9mon of Unova and rise to the top as a Trainer in a land of unity and legends! Evolve first partners Tepig and Oshawott all the way to Emboar and Samurott, and discover the undeniable power of truth with the region\u2019s Legendary and Mythical Pok\u00e9mon, [&hellip;]<\/p>\n","protected":false},"featured_media":226,"comment_status":"open","ping_status":"closed","template":"","meta":[],"product_brand":[],"product_cat":[20],"product_tag":[],"class_list":{"0":"post-81","1":"product","2":"type-product","3":"status-publish","4":"has-post-thumbnail","6":"product_cat-pokemon-tcg","8":"first","9":"outofstock","10":"shipping-taxable","11":"purchasable","12":"product-type-simple"},"jetpack_sharing_enabled":true,"_links":{"self":[{"href":"https:\/\/pokestop.uk\/index.php?rest_route=\/wp\/v2\/product\/81","targetHints":{"allow":["GET"]}}],"collection":[{"href":"https:\/\/pokestop.uk\/index.php?rest_route=\/wp\/v2\/product"}],"about":[{"href":"https:\/\/pokestop.uk\/index.php?rest_route=\/wp\/v2\/types\/product"}],"replies":[{"embeddable":true,"href":"https:\/\/pokestop.uk\/index.php?rest_route=%2Fwp%2Fv2%2Fcomments&post=81"}],"wp:featuredmedia":[{"embeddable":true,"href":"https:\/\/pokestop.uk\/index.php?rest_route=\/wp\/v2\/media\/226"}],"wp:attachment":[{"href":"https:\/\/pokestop.uk\/index.php?rest_route=%2Fwp%2Fv2%2Fmedia&parent=81"}],"wp:term":[{"taxonomy":"product_brand","embeddable":true,"href":"https:\/\/pokestop.uk\/index.php?rest_route=%2Fwp%2Fv2%2Fproduct_brand&post=81"},{"taxonomy":"product_cat","embeddable":true,"href":"https:\/\/pokestop.uk\/index.php?rest_route=%2Fwp%2Fv2%2Fproduct_cat&post=81"},{"taxonomy":"product_tag","embeddable":true,"href":"https:\/\/pokestop.uk\/index.php?rest_route=%2Fwp%2Fv2%2Fproduct_tag&post=81"}],"curies":[{"name":"wp","href":"https:\/\/api.w.org\/{rel}","templated":true}]}}