{"id":77,"date":"2025-07-14T01:08:55","date_gmt":"2025-07-14T00:08:55","guid":{"rendered":"https:\/\/pokestop.uk\/?post_type=product&#038;p=77"},"modified":"2025-09-24T19:40:35","modified_gmt":"2025-09-24T18:40:35","slug":"scarlet-violet-prismatic-evolutions-elite-trainer-box","status":"publish","type":"product","link":"https:\/\/pokestop.uk\/?product=scarlet-violet-prismatic-evolutions-elite-trainer-box","title":{"rendered":"TCG: Scarlet &#038; Violet-Prismatic Evolutions Elite Trainer Box"},"content":{"rendered":"<p>Eevee &amp; Friends Light Up with Stellar Colors!<br \/>\nFrom fluffy and fiery to freezing and fanciful, Eevee and its many Evolutions hold a special place in the hearts of Pok\u00e9mon Trainers across the land! Discover their unique new powers as Stellar Tera Pok\u00e9mon ex, and look for treasure of your very own across a grand gathering of Pok\u00e9mon ex from Paldea and beyond. Glittering gems and hidden patterns await at the end of the rainbow in the Pok\u00e9mon TCG: Scarlet &amp; Violet\u2014Prismatic Evolutions expansion!<br \/>\nThe Pok\u00e9mon TCG: Scarlet &amp; Violet\u2014Prismatic Evolutions Elite Trainer Box includes:<br \/>\n\u2022\u00a0\u00a0\u00a0\u00a09 Pok\u00e9mon TCG: Scarlet &amp; Violet\u2014Prismatic Evolutions booster packs<br \/>\n\u2022\u00a0\u00a0\u00a0\u00a0Each booster pack contains 10 cards and 1 Basic Energy. Cards vary by pack.<br \/>\n\u2022\u00a0\u00a0\u00a0\u00a01 full-art foil promo card featuring Eevee<br \/>\n\u2022\u00a0\u00a0\u00a0\u00a065 card sleeves featuring Eevee as a Stellar Tera Pok\u00e9mon<br \/>\n\u2022\u00a0\u00a0\u00a0\u00a045 Pok\u00e9mon TCG Energy cards<br \/>\n\u2022\u00a0\u00a0\u00a0\u00a0A player\u2019s guide to the Scarlet &amp; Violet\u2014Prismatic Evolutions expansion<br \/>\n\u2022\u00a0\u00a0\u00a0\u00a06 damage-counter dice<br \/>\n\u2022\u00a0\u00a0\u00a0\u00a01 competition-legal coin-flip die<br \/>\n\u2022\u00a0\u00a0\u00a0\u00a02 plastic condition markers<br \/>\n\u2022\u00a0\u00a0\u00a0\u00a0A box to hold everything, with 4 dividers to keep it organized<br \/>\n\u2022\u00a0\u00a0\u00a0\u00a0A code card for Pok\u00e9mon Trading Card Game Live<\/p>\n","protected":false},"excerpt":{"rendered":"<p>Eevee &amp; Friends Light Up with Stellar Colors! From fluffy and fiery to freezing and fanciful, Eevee and its many Evolutions hold a special place in the hearts of Pok\u00e9mon Trainers across the land! Discover their unique new powers as Stellar Tera Pok\u00e9mon ex, and look for treasure of your very own across a grand [&hellip;]<\/p>\n","protected":false},"featured_media":234,"comment_status":"open","ping_status":"closed","template":"","meta":[],"product_brand":[],"product_cat":[20],"product_tag":[],"class_list":{"0":"post-77","1":"product","2":"type-product","3":"status-publish","4":"has-post-thumbnail","6":"product_cat-pokemon-tcg","8":"first","9":"outofstock","10":"shipping-taxable","11":"purchasable","12":"product-type-simple"},"jetpack_sharing_enabled":true,"_links":{"self":[{"href":"https:\/\/pokestop.uk\/index.php?rest_route=\/wp\/v2\/product\/77","targetHints":{"allow":["GET"]}}],"collection":[{"href":"https:\/\/pokestop.uk\/index.php?rest_route=\/wp\/v2\/product"}],"about":[{"href":"https:\/\/pokestop.uk\/index.php?rest_route=\/wp\/v2\/types\/product"}],"replies":[{"embeddable":true,"href":"https:\/\/pokestop.uk\/index.php?rest_route=%2Fwp%2Fv2%2Fcomments&post=77"}],"wp:featuredmedia":[{"embeddable":true,"href":"https:\/\/pokestop.uk\/index.php?rest_route=\/wp\/v2\/media\/234"}],"wp:attachment":[{"href":"https:\/\/pokestop.uk\/index.php?rest_route=%2Fwp%2Fv2%2Fmedia&parent=77"}],"wp:term":[{"taxonomy":"product_brand","embeddable":true,"href":"https:\/\/pokestop.uk\/index.php?rest_route=%2Fwp%2Fv2%2Fproduct_brand&post=77"},{"taxonomy":"product_cat","embeddable":true,"href":"https:\/\/pokestop.uk\/index.php?rest_route=%2Fwp%2Fv2%2Fproduct_cat&post=77"},{"taxonomy":"product_tag","embeddable":true,"href":"https:\/\/pokestop.uk\/index.php?rest_route=%2Fwp%2Fv2%2Fproduct_tag&post=77"}],"curies":[{"name":"wp","href":"https:\/\/api.w.org\/{rel}","templated":true}]}}