{"id":309,"date":"2025-11-17T00:14:20","date_gmt":"2025-11-17T00:14:20","guid":{"rendered":"https:\/\/pokestop.uk\/?post_type=product&#038;p=309"},"modified":"2025-11-17T09:28:46","modified_gmt":"2025-11-17T09:28:46","slug":"tcg-scarlet-violet-prismatic-evolutions-premium-figure-collection","status":"publish","type":"product","link":"https:\/\/pokestop.uk\/?product=tcg-scarlet-violet-prismatic-evolutions-premium-figure-collection","title":{"rendered":"(TCG): Scarlet &#038; Violet: Prismatic Evolutions Premium Figure Collection"},"content":{"rendered":"<div class=\"p-0\">\n<div class=\"flex flex-col pl-3 gap-4 mb-10 w-full\">\n<div><strong>**(Estimated shipping date, early December 2025). Only one Item per order.<\/strong><\/div>\n<div><\/div>\n<div class=\"flex text-body-40 text-grey-900\">Espeon and Umbreon combine powers to bring dazzling treasures to your collection!<\/div>\n<div class=\"flex text-body-40 text-grey-900\">The display-ready figure, pin and sleeves all feature these two Eevee Evolution Pok\u00e9mon<\/div>\n<div class=\"flex text-body-40 text-grey-900\">Each booster pack contains 10 cards and 1 Basic Energy<\/div>\n<div class=\"flex text-body-40 text-grey-900\">Includes a code card for Pok\u00e9mon Trading Card Game Live<\/div>\n<div class=\"flex text-body-40 text-grey-900\">Gotta Catch &#8216;Em All!<\/div>\n<div class=\"flex text-body-40 text-grey-900\">Contents: 11x booster packs, 2x etched foil promo cards, 1x figure. 1x pin and 65x card sleeves<\/div>\n<div class=\"flex text-body-40 text-grey-900\">Dimensions: 22.9H cm<\/div>\n<\/div>\n<\/div>\n<p>Show off your love for the Sun Pok\u00e9mon Espeon and Moonlight Pok\u00e9mon Umbreon with the Pok\u00e9mon Trading Card Game (TCG): Scarlet &amp; Violet: Prismatic Evolutions Premium Figure Collection! Appearing as Stellar Tera Pok\u00e9mon ex, Espeon and Umbreon sparkle brightly with attacks that disrupt your opponents strategy.<\/p>\n<p>These etched foil promo cards are joined by a display-ready figure showing both of these Eevee Evolutions looking focused and fierce, plus a collectible enamel pin and full set of card sleeves for your next deck. Then, get ready to find even more surprises inside the 11 booster packs from the special Scarlet &amp; Violet: Prismatic Evolutions expansion!<\/p>\n","protected":false},"excerpt":{"rendered":"<p>**(Estimated shipping date, early December 2025). Only one Item per order. Espeon and Umbreon combine powers to bring dazzling treasures to your collection! The display-ready figure, pin and sleeves all feature these two Eevee Evolution Pok\u00e9mon Each booster pack contains 10 cards and 1 Basic Energy Includes a code card for Pok\u00e9mon Trading Card Game [&hellip;]<\/p>\n","protected":false},"featured_media":310,"comment_status":"open","ping_status":"closed","template":"","meta":[],"product_brand":[],"product_cat":[20],"product_tag":[],"class_list":{"0":"post-309","1":"product","2":"type-product","3":"status-publish","4":"has-post-thumbnail","6":"product_cat-pokemon-tcg","8":"first","9":"onbackorder","10":"shipping-taxable","11":"purchasable","12":"product-type-simple"},"jetpack_sharing_enabled":true,"_links":{"self":[{"href":"https:\/\/pokestop.uk\/index.php?rest_route=\/wp\/v2\/product\/309","targetHints":{"allow":["GET"]}}],"collection":[{"href":"https:\/\/pokestop.uk\/index.php?rest_route=\/wp\/v2\/product"}],"about":[{"href":"https:\/\/pokestop.uk\/index.php?rest_route=\/wp\/v2\/types\/product"}],"replies":[{"embeddable":true,"href":"https:\/\/pokestop.uk\/index.php?rest_route=%2Fwp%2Fv2%2Fcomments&post=309"}],"wp:featuredmedia":[{"embeddable":true,"href":"https:\/\/pokestop.uk\/index.php?rest_route=\/wp\/v2\/media\/310"}],"wp:attachment":[{"href":"https:\/\/pokestop.uk\/index.php?rest_route=%2Fwp%2Fv2%2Fmedia&parent=309"}],"wp:term":[{"taxonomy":"product_brand","embeddable":true,"href":"https:\/\/pokestop.uk\/index.php?rest_route=%2Fwp%2Fv2%2Fproduct_brand&post=309"},{"taxonomy":"product_cat","embeddable":true,"href":"https:\/\/pokestop.uk\/index.php?rest_route=%2Fwp%2Fv2%2Fproduct_cat&post=309"},{"taxonomy":"product_tag","embeddable":true,"href":"https:\/\/pokestop.uk\/index.php?rest_route=%2Fwp%2Fv2%2Fproduct_tag&post=309"}],"curies":[{"name":"wp","href":"https:\/\/api.w.org\/{rel}","templated":true}]}}