{"id":212,"date":"2025-09-20T14:45:18","date_gmt":"2025-09-20T13:45:18","guid":{"rendered":"https:\/\/pokestop.uk\/?post_type=product&#038;p=212"},"modified":"2025-11-19T19:01:16","modified_gmt":"2025-11-19T19:01:16","slug":"tcg-mega-evolution-phantasmal-flames-pokemon-center-elite-trainer-box","status":"publish","type":"product","link":"https:\/\/pokestop.uk\/?product=tcg-mega-evolution-phantasmal-flames-pokemon-center-elite-trainer-box","title":{"rendered":"TCG:\u00a0Mega Evolution\u2014Phantasmal Flames\u00a0Elite Trainer Box"},"content":{"rendered":"<h2>Ignite a Burning Spirit of Battle!<\/h2>\n<p><span style=\"text-decoration: underline;\"><strong>Delivery expected end November<\/strong> <\/span><\/p>\n<p>Searing blue flames rip across a dark battlefield as Mega Charizard X ex soars up and looks down upon its opponents! With a deep chill to rival the heat, the shadowy figure of Mega Gengar ex slowly rises into view, and both Pok\u00e9mon prepare to attack. Determined to prove their mettle, Mega Heracross ex, Mega Lopunny ex, and even more Pok\u00e9mon line up to give it their all in the Pok\u00e9mon TCG:\u00a0<em>Mega Evolution\u2014Phantasmal Flames<\/em>\u00a0expansion!<\/p>\n<p>The Pok\u00e9mon TCG:\u00a0<em>Mega Evolution\u2014Phantasmal Flames<\/em> Elite Trainer Box includes:<\/p>\n<ul>\n<li>11 Pok\u00e9mon TCG:<em>\u00a0Mega Evolution\u2014Phantasmal Flames<\/em>\u00a0booster packs\n<ul>\n<li>Each booster pack contains 10 cards, 1 Basic Energy, and 1 Pok\u00e9mon TCG Live code card. Cards vary by pack.<\/li>\n<\/ul>\n<\/li>\n<li>1 full-art foil promo card featuring Charcadet with a Pok\u00e9mon Center logo<\/li>\n<li>1 full-art foil promo card featuring Charcadet<\/li>\n<li>65 card sleeves<\/li>\n<li>40 Pok\u00e9mon TCG Energy cards<\/li>\n<li>A player\u2019s guide to the\u00a0<em>Mega Evolution\u2014Phantasmal Flames<\/em>\u00a0expansion<\/li>\n<li>6 damage-counter dice<\/li>\n<li>1 competition-legal coin-flip die<\/li>\n<li>1 plastic coin<\/li>\n<li>A collector\u2019s box to hold everything, with 6 dividers to keep it organized<\/li>\n<li>A code card for Pok\u00e9mon Trading Card Game Live<\/li>\n<\/ul>\n","protected":false},"excerpt":{"rendered":"<p>Ignite a Burning Spirit of Battle! Delivery expected end November Searing blue flames rip across a dark battlefield as Mega Charizard X ex soars up and looks down upon its opponents! With a deep chill to rival the heat, the shadowy figure of Mega Gengar ex slowly rises into view, and both Pok\u00e9mon prepare to [&hellip;]<\/p>\n","protected":false},"featured_media":239,"comment_status":"open","ping_status":"closed","template":"","meta":[],"product_brand":[],"product_cat":[20],"product_tag":[],"class_list":{"0":"post-212","1":"product","2":"type-product","3":"status-publish","4":"has-post-thumbnail","6":"product_cat-pokemon-tcg","8":"first","9":"outofstock","10":"shipping-taxable","11":"purchasable","12":"product-type-simple"},"jetpack_sharing_enabled":true,"_links":{"self":[{"href":"https:\/\/pokestop.uk\/index.php?rest_route=\/wp\/v2\/product\/212","targetHints":{"allow":["GET"]}}],"collection":[{"href":"https:\/\/pokestop.uk\/index.php?rest_route=\/wp\/v2\/product"}],"about":[{"href":"https:\/\/pokestop.uk\/index.php?rest_route=\/wp\/v2\/types\/product"}],"replies":[{"embeddable":true,"href":"https:\/\/pokestop.uk\/index.php?rest_route=%2Fwp%2Fv2%2Fcomments&post=212"}],"wp:featuredmedia":[{"embeddable":true,"href":"https:\/\/pokestop.uk\/index.php?rest_route=\/wp\/v2\/media\/239"}],"wp:attachment":[{"href":"https:\/\/pokestop.uk\/index.php?rest_route=%2Fwp%2Fv2%2Fmedia&parent=212"}],"wp:term":[{"taxonomy":"product_brand","embeddable":true,"href":"https:\/\/pokestop.uk\/index.php?rest_route=%2Fwp%2Fv2%2Fproduct_brand&post=212"},{"taxonomy":"product_cat","embeddable":true,"href":"https:\/\/pokestop.uk\/index.php?rest_route=%2Fwp%2Fv2%2Fproduct_cat&post=212"},{"taxonomy":"product_tag","embeddable":true,"href":"https:\/\/pokestop.uk\/index.php?rest_route=%2Fwp%2Fv2%2Fproduct_tag&post=212"}],"curies":[{"name":"wp","href":"https:\/\/api.w.org\/{rel}","templated":true}]}}