{"id":109,"date":"2025-07-14T01:33:51","date_gmt":"2025-07-14T00:33:51","guid":{"rendered":"https:\/\/pokestop.uk\/?post_type=product&#038;p=109"},"modified":"2025-09-24T19:40:33","modified_gmt":"2025-09-24T18:40:33","slug":"begin-a-new-adventure-with-pokemon-ex-2","status":"publish","type":"product","link":"https:\/\/pokestop.uk\/?product=begin-a-new-adventure-with-pokemon-ex-2","title":{"rendered":"TCG: Scarlet &#038; Violet Elite Trainer Box"},"content":{"rendered":"<p>Set out for a journey in the Paldea region! Meet first partners Sprigatito, Fuecoco, and Quaxly, and explore the power of the Legendary Pok\u00e9mon Koraidon and Miraidon as Pok\u00e9mon ex. Other Pok\u00e9mon ex evolve their way into battle\u2014including Arcanine and Gyarados with a dazzling new look. Even more Pok\u00e9mon appear as illustration rare cards with amazing artwork\u2014discover them all in the Pok\u00e9mon TCG: Scarlet &amp; Violet expansion!<br \/>\nFound only at Pok\u00e9mon Center, this special Elite Trainer Box includes a bonus promo card and two more booster packs than a standard Elite Trainer Box.<br \/>\nThe Pok\u00e9mon TCG: Scarlet &amp; Violet Pok\u00e9mon Center Elite Trainer Box includes:<br \/>\n\u2022\u00a0\u00a0\u00a0\u00a011 Pok\u00e9mon TCG: Scarlet &amp; Violet booster packs<br \/>\n\u2022\u00a0\u00a0\u00a0\u00a0Each booster pack contains 10 cards and 1 Basic Energy. Cards vary by pack.<br \/>\n\u2022\u00a0\u00a0\u00a0\u00a01 full-art foil promo card featuring Miraidon with a Pok\u00e9mon Center logo<br \/>\n\u2022\u00a0\u00a0\u00a0\u00a01 full-art foil promo card featuring Miraidon<br \/>\n\u2022\u00a0\u00a0\u00a0\u00a065 card sleeves featuring Miraidon<br \/>\n\u2022\u00a0\u00a0\u00a0\u00a045 Pok\u00e9mon TCG Energy cards<br \/>\n\u2022\u00a0\u00a0\u00a0\u00a0A player\u2019s guide to the Scarlet &amp; Violetexpansion<br \/>\n\u2022\u00a0\u00a0\u00a0\u00a06 damage-counter dice<br \/>\n\u2022\u00a0\u00a0\u00a0\u00a01 competition-legal coin-flip die<br \/>\n\u2022\u00a0\u00a0\u00a0\u00a02 plastic condition markers<br \/>\n\u2022\u00a0\u00a0\u00a0\u00a0A box to hold everything, with 4 dividers to keep it organized<br \/>\n\u2022\u00a0\u00a0\u00a0\u00a0A code card for Pok\u00e9mon Trading Card Game Live<\/p>\n","protected":false},"excerpt":{"rendered":"<p>Set out for a journey in the Paldea region! Meet first partners Sprigatito, Fuecoco, and Quaxly, and explore the power of the Legendary Pok\u00e9mon Koraidon and Miraidon as Pok\u00e9mon ex. Other Pok\u00e9mon ex evolve their way into battle\u2014including Arcanine and Gyarados with a dazzling new look. Even more Pok\u00e9mon appear as illustration rare cards with [&hellip;]<\/p>\n","protected":false},"featured_media":218,"comment_status":"open","ping_status":"closed","template":"","meta":[],"product_brand":[],"product_cat":[20],"product_tag":[],"class_list":{"0":"post-109","1":"product","2":"type-product","3":"status-publish","4":"has-post-thumbnail","6":"product_cat-pokemon-tcg","8":"first","9":"outofstock","10":"shipping-taxable","11":"purchasable","12":"product-type-simple"},"jetpack_sharing_enabled":true,"_links":{"self":[{"href":"https:\/\/pokestop.uk\/index.php?rest_route=\/wp\/v2\/product\/109","targetHints":{"allow":["GET"]}}],"collection":[{"href":"https:\/\/pokestop.uk\/index.php?rest_route=\/wp\/v2\/product"}],"about":[{"href":"https:\/\/pokestop.uk\/index.php?rest_route=\/wp\/v2\/types\/product"}],"replies":[{"embeddable":true,"href":"https:\/\/pokestop.uk\/index.php?rest_route=%2Fwp%2Fv2%2Fcomments&post=109"}],"wp:featuredmedia":[{"embeddable":true,"href":"https:\/\/pokestop.uk\/index.php?rest_route=\/wp\/v2\/media\/218"}],"wp:attachment":[{"href":"https:\/\/pokestop.uk\/index.php?rest_route=%2Fwp%2Fv2%2Fmedia&parent=109"}],"wp:term":[{"taxonomy":"product_brand","embeddable":true,"href":"https:\/\/pokestop.uk\/index.php?rest_route=%2Fwp%2Fv2%2Fproduct_brand&post=109"},{"taxonomy":"product_cat","embeddable":true,"href":"https:\/\/pokestop.uk\/index.php?rest_route=%2Fwp%2Fv2%2Fproduct_cat&post=109"},{"taxonomy":"product_tag","embeddable":true,"href":"https:\/\/pokestop.uk\/index.php?rest_route=%2Fwp%2Fv2%2Fproduct_tag&post=109"}],"curies":[{"name":"wp","href":"https:\/\/api.w.org\/{rel}","templated":true}]}}