{"id":101,"date":"2025-07-14T01:27:28","date_gmt":"2025-07-14T00:27:28","guid":{"rendered":"https:\/\/pokestop.uk\/?post_type=product&#038;p=101"},"modified":"2025-09-24T19:40:34","modified_gmt":"2025-09-24T18:40:34","slug":"shine-bright-with-pokemon-from-paldea","status":"publish","type":"product","link":"https:\/\/pokestop.uk\/?product=shine-bright-with-pokemon-from-paldea","title":{"rendered":"TCG: Scarlet &#038; Violet\u2014Paldean Fates Elite Trainer Box"},"content":{"rendered":"<p>The spotlight glistens on Shiny Pok\u00e9mon making their fated return to the Pok\u00e9mon TCG! Shiny Pikachu blazes the path forward as Tinkaton, Ceruledge, Dondozo, and more than 100 other Shiny Pok\u00e9mon follow. Meanwhile, Great Tusk and Iron Treads appear as Ancient and Future Pok\u00e9mon ex, and Charizard, Forretress, and Espathra show off their own unique skills as Shiny Tera Pok\u00e9mon ex. Shed some light and discover sparkling wonders in the Scarlet &amp; Violet\u2014Paldean Fates expansion!<br \/>\nThe Pok\u00e9mon TCG: Scarlet &amp; Violet\u2014Paldean Fates Elite Trainer Box includes:<br \/>\n\u2022\u00a0\u00a0\u00a0\u00a011 Pok\u00e9mon TCG: Scarlet &amp; Violet\u2014Paldean Fates booster packs<br \/>\n\u2022\u00a0\u00a0\u00a0\u00a0Each booster pack contains 10 cards and 1 Basic Energy. Cards vary by pack.<br \/>\n\u2022\u00a0\u00a0\u00a0\u00a01 full-art foil promo card featuring Shiny Mimikyu with a Pok\u00e9mon Center logo<br \/>\n\u2022\u00a0\u00a0\u00a0\u00a01 full-art foil promo card featuring Shiny Mimikyu<br \/>\n\u2022\u00a0\u00a0\u00a0\u00a065 card sleeves featuring Shiny Mimikyu<br \/>\n\u2022\u00a0\u00a0\u00a0\u00a045 Pok\u00e9mon TCG Energy cards<br \/>\n\u2022\u00a0\u00a0\u00a0\u00a0A player\u2019s guide to the Scarlet &amp; Violet\u2014Paldean Fates expansion<br \/>\n\u2022\u00a0\u00a0\u00a0\u00a06 damage-counter dice<br \/>\n\u2022\u00a0\u00a0\u00a0\u00a01 competition-legal coin-flip die<br \/>\n\u2022\u00a0\u00a0\u00a0\u00a02 plastic condition markers<br \/>\n\u2022\u00a0\u00a0\u00a0\u00a0A box to hold everything, with 4 dividers to keep it organized<br \/>\n\u2022\u00a0\u00a0\u00a0\u00a0A code card for Pok\u00e9mon Trading Card Game Live<\/p>\n","protected":false},"excerpt":{"rendered":"<p>The spotlight glistens on Shiny Pok\u00e9mon making their fated return to the Pok\u00e9mon TCG! Shiny Pikachu blazes the path forward as Tinkaton, Ceruledge, Dondozo, and more than 100 other Shiny Pok\u00e9mon follow. Meanwhile, Great Tusk and Iron Treads appear as Ancient and Future Pok\u00e9mon ex, and Charizard, Forretress, and Espathra show off their own unique [&hellip;]<\/p>\n","protected":false},"featured_media":216,"comment_status":"open","ping_status":"closed","template":"","meta":[],"product_brand":[],"product_cat":[20],"product_tag":[],"class_list":{"0":"post-101","1":"product","2":"type-product","3":"status-publish","4":"has-post-thumbnail","6":"product_cat-pokemon-tcg","8":"first","9":"outofstock","10":"shipping-taxable","11":"purchasable","12":"product-type-simple"},"jetpack_sharing_enabled":true,"_links":{"self":[{"href":"https:\/\/pokestop.uk\/index.php?rest_route=\/wp\/v2\/product\/101","targetHints":{"allow":["GET"]}}],"collection":[{"href":"https:\/\/pokestop.uk\/index.php?rest_route=\/wp\/v2\/product"}],"about":[{"href":"https:\/\/pokestop.uk\/index.php?rest_route=\/wp\/v2\/types\/product"}],"replies":[{"embeddable":true,"href":"https:\/\/pokestop.uk\/index.php?rest_route=%2Fwp%2Fv2%2Fcomments&post=101"}],"wp:featuredmedia":[{"embeddable":true,"href":"https:\/\/pokestop.uk\/index.php?rest_route=\/wp\/v2\/media\/216"}],"wp:attachment":[{"href":"https:\/\/pokestop.uk\/index.php?rest_route=%2Fwp%2Fv2%2Fmedia&parent=101"}],"wp:term":[{"taxonomy":"product_brand","embeddable":true,"href":"https:\/\/pokestop.uk\/index.php?rest_route=%2Fwp%2Fv2%2Fproduct_brand&post=101"},{"taxonomy":"product_cat","embeddable":true,"href":"https:\/\/pokestop.uk\/index.php?rest_route=%2Fwp%2Fv2%2Fproduct_cat&post=101"},{"taxonomy":"product_tag","embeddable":true,"href":"https:\/\/pokestop.uk\/index.php?rest_route=%2Fwp%2Fv2%2Fproduct_tag&post=101"}],"curies":[{"name":"wp","href":"https:\/\/api.w.org\/{rel}","templated":true}]}}