{"id":100,"date":"2025-07-14T01:26:50","date_gmt":"2025-07-14T00:26:50","guid":{"rendered":"https:\/\/pokestop.uk\/?post_type=product&#038;p=100"},"modified":"2025-09-24T19:40:34","modified_gmt":"2025-09-24T18:40:34","slug":"celebrate-the-pokemon-tcg","status":"publish","type":"product","link":"https:\/\/pokestop.uk\/?product=celebrate-the-pokemon-tcg","title":{"rendered":"TCG: Celebrations Elite Trainer Box"},"content":{"rendered":"<p>Celebrate the greatest moments of Pok\u00e9mon over 25 years of adventures alongside favorites from Mew and Ho-Oh to Lunala and Zamazenta! An awesome parade of Legendary Pok\u00e9mon appears, and famous Pok\u00e9mon from the very beginning return to join your collection\u2014you can even find Flying Pikachu and Surfing Pikachu as both Pok\u00e9mon V and Pok\u00e9mon VMAX! Join the party with the Pok\u00e9mon TCG: Celebrations expansion!<br \/>\nThe Pok\u00e9mon TCG: Celebrations Elite Trainer Box includes:<br \/>\n\u2022\u00a0\u00a0\u00a0\u00a013 Pok\u00e9mon TCG: Celebrations 4-card booster packs<br \/>\n\u2022\u00a0\u00a0\u00a0\u00a06 additional Pok\u00e9mon TCG booster packs, each containing 10 cards and 1 basic Energy<br \/>\n\u2022\u00a0\u00a0\u00a0\u00a01 special foil card featuring Greninja \u2606<br \/>\n\u2022\u00a0\u00a0\u00a0\u00a065 card sleeves featuring the Pok\u00e9mon 25 logo and lightning tail design<br \/>\n\u2022\u00a0\u00a0\u00a0\u00a045 Pok\u00e9mon TCG Energy cards<br \/>\n\u2022\u00a0\u00a0\u00a0\u00a0A player\u2019s guide to the Celebrationsexpansion<br \/>\n\u2022\u00a0\u00a0\u00a0\u00a0A Pok\u00e9mon TCG rulebook<br \/>\n\u2022\u00a0\u00a0\u00a0\u00a06 stamped aluminum damage-counter dice<br \/>\n\u2022\u00a0\u00a0\u00a0\u00a01 metal Pok\u00e9mon coin<br \/>\n\u2022\u00a0\u00a0\u00a0\u00a02 acrylic condition markers<br \/>\n\u2022\u00a0\u00a0\u00a0\u00a0A deck box<br \/>\n\u2022\u00a0\u00a0\u00a0\u00a0A box to hold everything, with 4 dividers to keep it organized<br \/>\n\u2022\u00a0\u00a0\u00a0\u00a0A code card for the Pok\u00e9mon Trading Card Game Online<\/p>\n","protected":false},"excerpt":{"rendered":"<p>Celebrate the greatest moments of Pok\u00e9mon over 25 years of adventures alongside favorites from Mew and Ho-Oh to Lunala and Zamazenta! An awesome parade of Legendary Pok\u00e9mon appears, and famous Pok\u00e9mon from the very beginning return to join your collection\u2014you can even find Flying Pikachu and Surfing Pikachu as both Pok\u00e9mon V and Pok\u00e9mon VMAX! [&hellip;]<\/p>\n","protected":false},"featured_media":235,"comment_status":"open","ping_status":"closed","template":"","meta":[],"product_brand":[],"product_cat":[20],"product_tag":[],"class_list":{"0":"post-100","1":"product","2":"type-product","3":"status-publish","4":"has-post-thumbnail","6":"product_cat-pokemon-tcg","8":"first","9":"outofstock","10":"shipping-taxable","11":"purchasable","12":"product-type-simple"},"jetpack_sharing_enabled":true,"_links":{"self":[{"href":"https:\/\/pokestop.uk\/index.php?rest_route=\/wp\/v2\/product\/100","targetHints":{"allow":["GET"]}}],"collection":[{"href":"https:\/\/pokestop.uk\/index.php?rest_route=\/wp\/v2\/product"}],"about":[{"href":"https:\/\/pokestop.uk\/index.php?rest_route=\/wp\/v2\/types\/product"}],"replies":[{"embeddable":true,"href":"https:\/\/pokestop.uk\/index.php?rest_route=%2Fwp%2Fv2%2Fcomments&post=100"}],"wp:featuredmedia":[{"embeddable":true,"href":"https:\/\/pokestop.uk\/index.php?rest_route=\/wp\/v2\/media\/235"}],"wp:attachment":[{"href":"https:\/\/pokestop.uk\/index.php?rest_route=%2Fwp%2Fv2%2Fmedia&parent=100"}],"wp:term":[{"taxonomy":"product_brand","embeddable":true,"href":"https:\/\/pokestop.uk\/index.php?rest_route=%2Fwp%2Fv2%2Fproduct_brand&post=100"},{"taxonomy":"product_cat","embeddable":true,"href":"https:\/\/pokestop.uk\/index.php?rest_route=%2Fwp%2Fv2%2Fproduct_cat&post=100"},{"taxonomy":"product_tag","embeddable":true,"href":"https:\/\/pokestop.uk\/index.php?rest_route=%2Fwp%2Fv2%2Fproduct_tag&post=100"}],"curies":[{"name":"wp","href":"https:\/\/api.w.org\/{rel}","templated":true}]}}